{"id":3952,"date":"2024-06-06T14:22:04","date_gmt":"2024-06-06T14:22:04","guid":{"rendered":"https:\/\/bagpresser.buddingsol.com\/shop\/mylar-bags-cali-packs\/"},"modified":"2024-08-06T13:03:13","modified_gmt":"2024-08-06T13:03:13","slug":"mylar-bags-cali-packs","status":"publish","type":"product","link":"https:\/\/bagpresser.buddingsol.com\/de\/Gesch\u00e4ft\/mylar-bags-cali-packs\/","title":{"rendered":"Mylar-Taschen Cali Packs"},"content":{"rendered":"","protected":false},"excerpt":{"rendered":"<p>Entdecken Sie diese Mylar-Beutel, auch bekannt als Cali Packs, mit einem Fassungsverm\u00f6gen von 3,5 g. Diese Taschen sind nicht nur stilvoll, sondern auch praktisch, da sie \u00fcber einen Druckverschluss und eine zus\u00e4tzliche Hei\u00dfsiegelung verf\u00fcgen. Dadurch bleiben Ihre Kr\u00e4uter luftdicht und frisch und trocknen nicht aus.   Dank des wiederverwendbaren Druckverschlusses sind die Ziplock-T\u00fcten ideal zur Aufbewahrung und f\u00fcr den Transport geeignet.<\/p>\n","protected":false},"featured_media":3842,"comment_status":"open","ping_status":"closed","template":"","meta":[],"product_brand":[],"product_cat":[83,84],"product_tag":[],"class_list":{"0":"post-3952","1":"product","2":"type-product","3":"status-publish","4":"has-post-thumbnail","6":"product_cat-mylar-de","7":"product_cat-verpackung","9":"first","10":"instock","11":"shipping-taxable","12":"purchasable","13":"product-type-simple"},"jetpack_sharing_enabled":true,"tiered_pricing_type":"fixed","tiered_pricing_fixed_rules":{"100":"40","249":"35","499":"30","999":"25"},"_links":{"self":[{"href":"https:\/\/bagpresser.buddingsol.com\/de\/wp-json\/wp\/v2\/product\/3952","targetHints":{"allow":["GET"]}}],"collection":[{"href":"https:\/\/bagpresser.buddingsol.com\/de\/wp-json\/wp\/v2\/product"}],"about":[{"href":"https:\/\/bagpresser.buddingsol.com\/de\/wp-json\/wp\/v2\/types\/product"}],"replies":[{"embeddable":true,"href":"https:\/\/bagpresser.buddingsol.com\/de\/wp-json\/wp\/v2\/comments?post=3952"}],"wp:featuredmedia":[{"embeddable":true,"href":"https:\/\/bagpresser.buddingsol.com\/de\/wp-json\/wp\/v2\/media\/3842"}],"wp:attachment":[{"href":"https:\/\/bagpresser.buddingsol.com\/de\/wp-json\/wp\/v2\/media?parent=3952"}],"wp:term":[{"taxonomy":"product_brand","embeddable":true,"href":"https:\/\/bagpresser.buddingsol.com\/de\/wp-json\/wp\/v2\/product_brand?post=3952"},{"taxonomy":"product_cat","embeddable":true,"href":"https:\/\/bagpresser.buddingsol.com\/de\/wp-json\/wp\/v2\/product_cat?post=3952"},{"taxonomy":"product_tag","embeddable":true,"href":"https:\/\/bagpresser.buddingsol.com\/de\/wp-json\/wp\/v2\/product_tag?post=3952"}],"curies":[{"name":"wp","href":"https:\/\/api.w.org\/{rel}","templated":true}]}}