{"id":3946,"date":"2024-06-06T14:19:15","date_gmt":"2024-06-06T14:19:15","guid":{"rendered":"https:\/\/bagpresser.buddingsol.com\/shop\/custom-hemp-grinder-with-stickerprint\/"},"modified":"2024-12-03T06:12:22","modified_gmt":"2024-12-03T06:12:22","slug":"custom-hemp-grinder-with-stickerprint","status":"publish","type":"product","link":"https:\/\/bagpresser.buddingsol.com\/de\/Gesch\u00e4ft\/custom-hemp-grinder-with-stickerprint\/","title":{"rendered":"Custom hanf grinder mit aufkleber"},"content":{"rendered":"","protected":false},"excerpt":{"rendered":"<p><strong>Beschreibung:<\/strong><\/p>\n<ul>\n<li>Costum Hanf-Grinder, biologisch abbaubar!<\/li>\n<li>Gedruckt auf hochwertiger, laminierter Vinylfolie<\/li>\n<li>Logos auf Vorder- und R\u00fcckseite!<\/li>\n<li>Verf\u00fcgbar in 5 Farben: Schwarz, Wei\u00df, Gr\u00fcn, Blau und Pink<\/li>\n<li>Aus 100% biologisch abbaubaren Materialien hergestellt<\/li>\n<li>Grinder finish gl\u00e4nzend<\/li>\n<\/ul>\n<p><span style=\"color: #d44d1e;\">Mengenrabatt:<\/span><\/p>\n","protected":false},"featured_media":3848,"comment_status":"open","ping_status":"closed","template":"","meta":[],"product_brand":[],"product_cat":[83,92],"product_tag":[],"class_list":{"0":"post-3946","1":"product","2":"type-product","3":"status-publish","4":"has-post-thumbnail","6":"product_cat-mylar-de","7":"product_cat-raucher-merchandise","9":"first","10":"instock","11":"shipping-taxable","12":"purchasable","13":"product-type-simple"},"jetpack_sharing_enabled":true,"tiered_pricing_type":"fixed","tiered_pricing_fixed_rules":{"100":"40","249":"35","499":"30","999":"25"},"_links":{"self":[{"href":"https:\/\/bagpresser.buddingsol.com\/de\/wp-json\/wp\/v2\/product\/3946","targetHints":{"allow":["GET"]}}],"collection":[{"href":"https:\/\/bagpresser.buddingsol.com\/de\/wp-json\/wp\/v2\/product"}],"about":[{"href":"https:\/\/bagpresser.buddingsol.com\/de\/wp-json\/wp\/v2\/types\/product"}],"replies":[{"embeddable":true,"href":"https:\/\/bagpresser.buddingsol.com\/de\/wp-json\/wp\/v2\/comments?post=3946"}],"wp:featuredmedia":[{"embeddable":true,"href":"https:\/\/bagpresser.buddingsol.com\/de\/wp-json\/wp\/v2\/media\/3848"}],"wp:attachment":[{"href":"https:\/\/bagpresser.buddingsol.com\/de\/wp-json\/wp\/v2\/media?parent=3946"}],"wp:term":[{"taxonomy":"product_brand","embeddable":true,"href":"https:\/\/bagpresser.buddingsol.com\/de\/wp-json\/wp\/v2\/product_brand?post=3946"},{"taxonomy":"product_cat","embeddable":true,"href":"https:\/\/bagpresser.buddingsol.com\/de\/wp-json\/wp\/v2\/product_cat?post=3946"},{"taxonomy":"product_tag","embeddable":true,"href":"https:\/\/bagpresser.buddingsol.com\/de\/wp-json\/wp\/v2\/product_tag?post=3946"}],"curies":[{"name":"wp","href":"https:\/\/api.w.org\/{rel}","templated":true}]}}