{"id":3934,"date":"2024-06-07T12:14:13","date_gmt":"2024-06-07T12:14:13","guid":{"rendered":"https:\/\/bagpresser.buddingsol.com\/shop\/bag-presser-hemp-grinder\/"},"modified":"2024-12-03T06:04:01","modified_gmt":"2024-12-03T06:04:01","slug":"bag-presser-hemp-grinder","status":"publish","type":"product","link":"https:\/\/bagpresser.buddingsol.com\/de\/Gesch\u00e4ft\/bag-presser-hemp-grinder\/","title":{"rendered":"Bag Presser Hanf Grinder"},"content":{"rendered":"","protected":false},"excerpt":{"rendered":"<p><strong>Beschreibung:<\/strong><\/p>\n<ul>\n<li>Bagpresser Hanf-Grinder, biologisch abbaubar!<\/li>\n<li>Gedruckt auf hochwertiger, laminierter Vinylfolie<\/li>\n<li>Logos auf Vorder- und R\u00fcckseite!<\/li>\n<li>Verf\u00fcgbar in 5 Farben: Schwarz, Wei\u00df, Gr\u00fcn, Blau und Pink<\/li>\n<li>Aus 100% biologisch abbaubaren Materialien hergestellt<\/li>\n<\/ul>\n<p><span style=\"color: #d44d1e;\">Mengenrabatt:<\/span><\/p>\n","protected":false},"featured_media":3848,"comment_status":"open","ping_status":"closed","template":"","meta":[],"product_brand":[],"product_cat":[92],"product_tag":[],"class_list":{"0":"post-3934","1":"product","2":"type-product","3":"status-publish","4":"has-post-thumbnail","6":"product_cat-raucher-merchandise","8":"first","9":"instock","10":"shipping-taxable","11":"purchasable","12":"product-type-simple"},"jetpack_sharing_enabled":true,"tiered_pricing_type":"fixed","tiered_pricing_fixed_rules":{"100":"40","249":"35","499":"30","999":"25"},"_links":{"self":[{"href":"https:\/\/bagpresser.buddingsol.com\/de\/wp-json\/wp\/v2\/product\/3934","targetHints":{"allow":["GET"]}}],"collection":[{"href":"https:\/\/bagpresser.buddingsol.com\/de\/wp-json\/wp\/v2\/product"}],"about":[{"href":"https:\/\/bagpresser.buddingsol.com\/de\/wp-json\/wp\/v2\/types\/product"}],"replies":[{"embeddable":true,"href":"https:\/\/bagpresser.buddingsol.com\/de\/wp-json\/wp\/v2\/comments?post=3934"}],"wp:featuredmedia":[{"embeddable":true,"href":"https:\/\/bagpresser.buddingsol.com\/de\/wp-json\/wp\/v2\/media\/3848"}],"wp:attachment":[{"href":"https:\/\/bagpresser.buddingsol.com\/de\/wp-json\/wp\/v2\/media?parent=3934"}],"wp:term":[{"taxonomy":"product_brand","embeddable":true,"href":"https:\/\/bagpresser.buddingsol.com\/de\/wp-json\/wp\/v2\/product_brand?post=3934"},{"taxonomy":"product_cat","embeddable":true,"href":"https:\/\/bagpresser.buddingsol.com\/de\/wp-json\/wp\/v2\/product_cat?post=3934"},{"taxonomy":"product_tag","embeddable":true,"href":"https:\/\/bagpresser.buddingsol.com\/de\/wp-json\/wp\/v2\/product_tag?post=3934"}],"curies":[{"name":"wp","href":"https:\/\/api.w.org\/{rel}","templated":true}]}}