{"id":3922,"date":"2024-05-30T05:14:41","date_gmt":"2024-05-30T05:14:41","guid":{"rendered":"https:\/\/bagpresser.buddingsol.com\/geschaeftsbedingungen\/"},"modified":"2024-07-28T11:17:43","modified_gmt":"2024-07-28T11:17:43","slug":"geschaeftsbedingungen","status":"publish","type":"page","link":"https:\/\/bagpresser.buddingsol.com\/de\/geschaeftsbedingungen\/","title":{"rendered":"Gesch\u00e4ftsbedingungen"},"content":{"rendered":"\t\t<div data-elementor-type=\"wp-page\" data-elementor-id=\"3922\" class=\"elementor elementor-3922 elementor-334\" data-elementor-post-type=\"page\">\n\t\t\t\t\t\t<section class=\"elementor-section elementor-top-section elementor-element elementor-element-6c61af9 elementor-section-boxed elementor-section-height-default elementor-section-height-default\" data-id=\"6c61af9\" data-element_type=\"section\" data-settings=\"{&quot;background_background&quot;:&quot;classic&quot;}\">\n\t\t\t\t\t\t\t<div class=\"elementor-background-overlay\"><\/div>\n\t\t\t\t\t\t\t<div class=\"elementor-container elementor-column-gap-default\">\n\t\t\t\t\t<div class=\"elementor-column elementor-col-100 elementor-top-column elementor-element elementor-element-aab6d0f\" data-id=\"aab6d0f\" data-element_type=\"column\">\n\t\t\t<div class=\"elementor-widget-wrap elementor-element-populated\">\n\t\t\t\t\t\t<div class=\"elementor-element elementor-element-c623ea0 elementor-widget elementor-widget-heading\" data-id=\"c623ea0\" data-element_type=\"widget\" data-settings=\"{&quot;_animation&quot;:&quot;none&quot;}\" data-widget_type=\"heading.default\">\n\t\t\t\t<div class=\"elementor-widget-container\">\n\t\t\t<style>\/*! elementor - v3.21.0 - 26-05-2024 *\/\n.elementor-heading-title{padding:0;margin:0;line-height:1}.elementor-widget-heading .elementor-heading-title[class*=elementor-size-]>a{color:inherit;font-size:inherit;line-height:inherit}.elementor-widget-heading .elementor-heading-title.elementor-size-small{font-size:15px}.elementor-widget-heading .elementor-heading-title.elementor-size-medium{font-size:19px}.elementor-widget-heading .elementor-heading-title.elementor-size-large{font-size:29px}.elementor-widget-heading .elementor-heading-title.elementor-size-xl{font-size:39px}.elementor-widget-heading .elementor-heading-title.elementor-size-xxl{font-size:59px}<\/style><h2 class=\"elementor-heading-title elementor-size-default\">Gesch\u00e4ftsbedingungen<\/h2>\t\t<\/div>\n\t\t\t\t<\/div>\n\t\t\t\t<div class=\"elementor-element elementor-element-5925b26 elementor-icon-list--layout-inline elementor-align-center elementor-list-item-link-full_width elementor-widget elementor-widget-icon-list\" data-id=\"5925b26\" data-element_type=\"widget\" data-widget_type=\"icon-list.default\">\n\t\t\t\t<div class=\"elementor-widget-container\">\n\t\t\t<link rel=\"stylesheet\" href=\"https:\/\/bagpresser.buddingsol.com\/wp-content\/plugins\/elementor\/assets\/css\/widget-icon-list.min.css\">\t\t<ul class=\"elementor-icon-list-items elementor-inline-items\">\n\t\t\t\t\t\t\t<li class=\"elementor-icon-list-item elementor-inline-item\">\n\t\t\t\t\t\t\t\t\t\t\t<a href=\"#\">\n\n\t\t\t\t\t\t\t\t\t\t\t<span class=\"elementor-icon-list-text\">Heim<\/span>\n\t\t\t\t\t\t\t\t\t\t\t<\/a>\n\t\t\t\t\t\t\t\t\t<\/li>\n\t\t\t\t\t\t\t\t<li class=\"elementor-icon-list-item elementor-inline-item\">\n\t\t\t\t\t\t\t\t\t\t<span class=\"elementor-icon-list-text\">\/ Gesch\u00e4ftsbedingungen<\/span>\n\t\t\t\t\t\t\t\t\t<\/li>\n\t\t\t\t\t\t<\/ul>\n\t\t\t\t<\/div>\n\t\t\t\t<\/div>\n\t\t\t\t\t<\/div>\n\t\t<\/div>\n\t\t\t\t\t<\/div>\n\t\t<\/section>\n\t\t\t\t<section class=\"elementor-section elementor-top-section elementor-element elementor-element-5ceae7b elementor-section-boxed elementor-section-height-default elementor-section-height-default\" data-id=\"5ceae7b\" data-element_type=\"section\">\n\t\t\t\t\t\t<div class=\"elementor-container elementor-column-gap-default\">\n\t\t\t\t\t<div class=\"elementor-column elementor-col-100 elementor-top-column elementor-element elementor-element-b75de66\" data-id=\"b75de66\" data-element_type=\"column\">\n\t\t\t<div class=\"elementor-widget-wrap elementor-element-populated\">\n\t\t\t\t\t\t<div class=\"elementor-element elementor-element-2ac929d elementor-widget elementor-widget-text-editor\" data-id=\"2ac929d\" data-element_type=\"widget\" data-widget_type=\"text-editor.default\">\n\t\t\t\t<div class=\"elementor-widget-container\">\n\t\t\t<style>\/*! elementor - v3.21.0 - 26-05-2024 *\/\n.elementor-widget-text-editor.elementor-drop-cap-view-stacked .elementor-drop-cap{background-color:#69727d;color:#fff}.elementor-widget-text-editor.elementor-drop-cap-view-framed .elementor-drop-cap{color:#69727d;border:3px solid;background-color:transparent}.elementor-widget-text-editor:not(.elementor-drop-cap-view-default) .elementor-drop-cap{margin-top:8px}.elementor-widget-text-editor:not(.elementor-drop-cap-view-default) .elementor-drop-cap-letter{width:1em;height:1em}.elementor-widget-text-editor .elementor-drop-cap{float:left;text-align:center;line-height:1;font-size:50px}.elementor-widget-text-editor .elementor-drop-cap-letter{display:inline-block}<\/style>\t\t\t\t<h4>Allgemeine Gesch\u00e4ftsbedingungen f\u00fcr BagPresser<\/h4>\n<h4>Einf\u00fchrung<\/h4>\n<p>Die auf dieser Webseite niedergelegten Allgemeinen Gesch\u00e4ftsbedingungen f\u00fcr die Website regeln Ihre Nutzung unserer Website BagPresser, die unter bagpresser.com zug\u00e4nglich ist.<\/p>\n<p>Diese Bedingungen gelten vollst\u00e4ndig und wirken sich auf Ihre Nutzung dieser Website aus. Durch die Nutzung dieser Website erkl\u00e4ren Sie sich damit einverstanden, alle hier aufgef\u00fchrten Gesch\u00e4ftsbedingungen zu akzeptieren. Sie d\u00fcrfen diese Website nicht nutzen, wenn Sie mit den Allgemeinen Gesch\u00e4ftsbedingungen der Website nicht einverstanden sind. Diese Allgemeinen Gesch\u00e4ftsbedingungen wurden mit Hilfe der Allgemeinen Gesch\u00e4ftsbedingungen erstellt   <\/p>\n<p>Minderj\u00e4hrigen oder Personen unter 18 Jahren ist die Nutzung dieser Website nicht gestattet.<\/p>\n<h5>Rechte an geistigem Eigentum<\/h5>\n<p>Abgesehen von den Inhalten, die Sie besitzen, besitzen BagPresser und\/oder seine Lizenzgeber gem\u00e4\u00df diesen Bedingungen alle geistigen Eigentumsrechte und Materialien, die auf dieser Website enthalten sind.<\/p>\n<p>Ihnen wird eine eingeschr\u00e4nkte Lizenz nur f\u00fcr die Anzeige des auf dieser Website enthaltenen Materials gew\u00e4hrt.<\/p>\n<h5>Einschr\u00e4nkungen<\/h5>\n<p>Folgendes ist Ihnen ausdr\u00fccklich untersagt:<\/p>\n<ul>\n<li>Ver\u00f6ffentlichung von Website-Material in anderen Medien;<\/li>\n<li>Verkauf, Unterlizenzierung und\/oder anderweitige Kommerzialisierung von Website-Material;<\/li>\n<li>\u00f6ffentliches Vorf\u00fchren und\/oder Zeigen von Website-Materialien;<\/li>\n<li>die Nutzung dieser Website in irgendeiner Weise, die dieser Website schadet oder schaden k\u00f6nnte;<\/li>\n<li>Nutzung dieser Website in irgendeiner Weise, die den Benutzerzugriff auf diese Website beeintr\u00e4chtigt;<\/li>\n<li>Die Nutzung dieser Website verst\u00f6\u00dft gegen geltende Gesetze und Vorschriften oder kann in irgendeiner Weise der Website oder einer anderen Person oder einem Unternehmen Schaden zuf\u00fcgen;<\/li>\n<li>Beteiligung an Data-Mining, Datenerfassung, Datenextraktion oder anderen \u00e4hnlichen Aktivit\u00e4ten im Zusammenhang mit dieser Website;<\/li>\n<li>Nutzung dieser Website zur Durchf\u00fchrung von Werbung oder Marketing.<\/li>\n<\/ul>\n<p>Der Zugriff auf bestimmte Bereiche dieser Website ist f\u00fcr Sie gesperrt und BagPresser kann Ihren Zugriff auf beliebige Bereiche dieser Website jederzeit und nach eigenem Ermessen weiter einschr\u00e4nken. Alle Benutzer-IDs und Passw\u00f6rter, die Sie f\u00fcr diese Website haben, sind vertraulich und Sie m\u00fcssen die Vertraulichkeit ebenfalls wahren. <\/p>\n<h5>Ihr Inhalt<\/h5>\n<p>In diesen Allgemeinen Gesch\u00e4ftsbedingungen f\u00fcr die Website bezeichnet \u201eIhre Inhalte\u201c alle Audio-, Videotexte, Bilder oder anderen Materialien, die Sie auf dieser Website anzeigen m\u00f6chten. Durch die Anzeige Ihrer Inhalte gew\u00e4hren Sie BagPresser eine nicht-exklusive, weltweit unwiderrufliche, unterlizenzierbare Lizenz zur Nutzung, Vervielf\u00e4ltigung, Anpassung, Ver\u00f6ffentlichung, \u00dcbersetzung und Verbreitung in allen Medien. <\/p>\n<p>Ihre Inhalte m\u00fcssen Ihre eigenen sein und d\u00fcrfen nicht die Rechte Dritter verletzen. BagPresser beh\u00e4lt sich das Recht vor, Ihre Inhalte jederzeit und ohne Vorank\u00fcndigung von dieser Website zu entfernen. <\/p>\n<h5>Keine Garantien<\/h5>\n<p>Diese Website wird \u201ewie besehen\u201c mit allen Fehlern bereitgestellt und BagPresser gibt keinerlei Zusicherungen oder Gew\u00e4hrleistungen jeglicher Art im Zusammenhang mit dieser Website oder den auf dieser Website enthaltenen Materialien ab. Dar\u00fcber hinaus ist nichts auf dieser Website als Empfehlung f\u00fcr Sie zu verstehen. <\/p>\n<h5>Haftungsbeschr\u00e4nkung<\/h5>\n<p>In keinem Fall haften BagPresser oder seine leitenden Angestellten, Direktoren und Mitarbeiter f\u00fcr irgendetwas, das sich aus Ihrer Nutzung dieser Website ergibt oder in irgendeiner Weise damit zusammenh\u00e4ngt, unabh\u00e4ngig davon, ob eine solche Haftung vertraglich vereinbart ist. BagPresser, einschlie\u00dflich seiner leitenden Angestellten, Direktoren und Mitarbeiter, haften nicht f\u00fcr indirekte, Folge- oder Sonderhaftungen, die sich aus oder in irgendeiner Weise im Zusammenhang mit Ihrer Nutzung dieser Website ergeben. <\/p>\n<h5>Entsch\u00e4digung<\/h5>\n<p>Sie stellen BagPresser hiermit im vollen Umfang von jeglicher Haftung, Kosten, Forderungen, Klagegr\u00fcnden, Sch\u00e4den und Ausgaben frei, die in irgendeiner Weise im Zusammenhang mit Ihrem Versto\u00df gegen eine der Bestimmungen dieser Bedingungen entstehen.<\/p>\n<h5>Salvatorische Klausel<\/h5>\n<p>Sollte sich herausstellen, dass eine Bestimmung dieser Bedingungen nach geltendem Recht ung\u00fcltig ist, werden diese Bestimmungen gel\u00f6scht, ohne dass dies Auswirkungen auf die \u00fcbrigen Bestimmungen dieser Bedingungen hat.<\/p>\n<h5>Variation der Begriffe<\/h5>\n<p>BagPresser ist berechtigt, diese Bedingungen jederzeit nach eigenem Ermessen zu \u00fcberarbeiten. Durch die Nutzung dieser Website wird von Ihnen erwartet, dass Sie diese Bedingungen regelm\u00e4\u00dfig \u00fcberpr\u00fcfen.<\/p>\n<h5>Abtretung<\/h5>\n<p>Der BagPresser ist berechtigt, seine Rechte und\/oder Pflichten aus diesen Bedingungen ohne vorherige Ank\u00fcndigung abzutreten, zu \u00fcbertragen und als Unterauftragnehmer zu vergeben. Es ist Ihnen jedoch nicht gestattet, Ihre Rechte und\/oder Pflichten aus diesen Bedingungen abzutreten, zu \u00fcbertragen oder unterzuvergeben. <\/p>\n<h5>Ganze Vereinbarung<\/h5>\n<p>Diese Bedingungen stellen die gesamte Vereinbarung zwischen BagPresser und Ihnen in Bezug auf Ihre Nutzung dieser Website dar und ersetzen alle vorherigen Vereinbarungen und Absprachen.<\/p>\n<h5>Anwendbares Recht und Gerichtsstand<\/h5>\n<p>Diese Bedingungen unterliegen den Gesetzen des US-Bundesstaates und werden in \u00dcbereinstimmung mit diesen ausgelegt. F\u00fcr die Beilegung etwaiger Streitigkeiten unterwerfen Sie sich der nicht ausschlie\u00dflichen Zust\u00e4ndigkeit der in DE ans\u00e4ssigen Staats- und Bundesgerichte.<\/p>\n\t\t\t\t\t\t<\/div>\n\t\t\t\t<\/div>\n\t\t\t\t\t<\/div>\n\t\t<\/div>\n\t\t\t\t\t<\/div>\n\t\t<\/section>\n\t\t\t\t<\/div>\n\t\t","protected":false},"excerpt":{"rendered":"<p>Gesch\u00e4ftsbedingungen Heim \/ Gesch\u00e4ftsbedingungen Allgemeine Gesch\u00e4ftsbedingungen f\u00fcr BagPresser Einf\u00fchrung Die auf dieser Webseite niedergelegten Allgemeinen Gesch\u00e4ftsbedingungen f\u00fcr die Website regeln Ihre Nutzung unserer Website BagPresser, die unter bagpresser.com zug\u00e4nglich ist. Diese Bedingungen gelten vollst\u00e4ndig und wirken sich auf Ihre Nutzung dieser Website aus. Durch die Nutzung dieser Website erkl\u00e4ren Sie sich damit einverstanden, alle hier [&hellip;]<\/p>\n","protected":false},"author":2,"featured_media":0,"parent":0,"menu_order":0,"comment_status":"closed","ping_status":"closed","template":"","meta":{"footnotes":""},"class_list":["post-3922","page","type-page","status-publish","hentry"],"jetpack_sharing_enabled":true,"_links":{"self":[{"href":"https:\/\/bagpresser.buddingsol.com\/de\/wp-json\/wp\/v2\/pages\/3922","targetHints":{"allow":["GET"]}}],"collection":[{"href":"https:\/\/bagpresser.buddingsol.com\/de\/wp-json\/wp\/v2\/pages"}],"about":[{"href":"https:\/\/bagpresser.buddingsol.com\/de\/wp-json\/wp\/v2\/types\/page"}],"author":[{"embeddable":true,"href":"https:\/\/bagpresser.buddingsol.com\/de\/wp-json\/wp\/v2\/users\/2"}],"replies":[{"embeddable":true,"href":"https:\/\/bagpresser.buddingsol.com\/de\/wp-json\/wp\/v2\/comments?post=3922"}],"version-history":[{"count":1,"href":"https:\/\/bagpresser.buddingsol.com\/de\/wp-json\/wp\/v2\/pages\/3922\/revisions"}],"predecessor-version":[{"id":3923,"href":"https:\/\/bagpresser.buddingsol.com\/de\/wp-json\/wp\/v2\/pages\/3922\/revisions\/3923"}],"wp:attachment":[{"href":"https:\/\/bagpresser.buddingsol.com\/de\/wp-json\/wp\/v2\/media?parent=3922"}],"curies":[{"name":"wp","href":"https:\/\/api.w.org\/{rel}","templated":true}]}}