{"id":3904,"date":"2024-05-30T05:33:30","date_gmt":"2024-05-30T05:33:30","guid":{"rendered":"https:\/\/bagpresser.buddingsol.com\/rueckgaberecht\/"},"modified":"2024-07-28T10:33:06","modified_gmt":"2024-07-28T10:33:06","slug":"rueckgaberecht","status":"publish","type":"page","link":"https:\/\/bagpresser.buddingsol.com\/de\/rueckgaberecht\/","title":{"rendered":"R\u00fcckgaberecht"},"content":{"rendered":"\t\t<div data-elementor-type=\"wp-page\" data-elementor-id=\"3904\" class=\"elementor elementor-3904 elementor-348\" data-elementor-post-type=\"page\">\n\t\t\t\t\t\t<section class=\"elementor-section elementor-top-section elementor-element elementor-element-ab4a038 elementor-section-boxed elementor-section-height-default elementor-section-height-default\" data-id=\"ab4a038\" data-element_type=\"section\" data-settings=\"{&quot;background_background&quot;:&quot;classic&quot;}\">\n\t\t\t\t\t\t\t<div class=\"elementor-background-overlay\"><\/div>\n\t\t\t\t\t\t\t<div class=\"elementor-container elementor-column-gap-default\">\n\t\t\t\t\t<div class=\"elementor-column elementor-col-100 elementor-top-column elementor-element elementor-element-6a9746b\" data-id=\"6a9746b\" data-element_type=\"column\">\n\t\t\t<div class=\"elementor-widget-wrap elementor-element-populated\">\n\t\t\t\t\t\t<div class=\"elementor-element elementor-element-24d34dc elementor-widget elementor-widget-heading\" data-id=\"24d34dc\" data-element_type=\"widget\" data-settings=\"{&quot;_animation&quot;:&quot;none&quot;}\" data-widget_type=\"heading.default\">\n\t\t\t\t<div class=\"elementor-widget-container\">\n\t\t\t<style>\/*! elementor - v3.21.0 - 26-05-2024 *\/\n.elementor-heading-title{padding:0;margin:0;line-height:1}.elementor-widget-heading .elementor-heading-title[class*=elementor-size-]>a{color:inherit;font-size:inherit;line-height:inherit}.elementor-widget-heading .elementor-heading-title.elementor-size-small{font-size:15px}.elementor-widget-heading .elementor-heading-title.elementor-size-medium{font-size:19px}.elementor-widget-heading .elementor-heading-title.elementor-size-large{font-size:29px}.elementor-widget-heading .elementor-heading-title.elementor-size-xl{font-size:39px}.elementor-widget-heading .elementor-heading-title.elementor-size-xxl{font-size:59px}<\/style><h2 class=\"elementor-heading-title elementor-size-default\">R\u00fcckgaberecht<\/h2>\t\t<\/div>\n\t\t\t\t<\/div>\n\t\t\t\t<div class=\"elementor-element elementor-element-42a79a1 elementor-icon-list--layout-inline elementor-align-center elementor-list-item-link-full_width elementor-widget elementor-widget-icon-list\" data-id=\"42a79a1\" data-element_type=\"widget\" data-widget_type=\"icon-list.default\">\n\t\t\t\t<div class=\"elementor-widget-container\">\n\t\t\t<link rel=\"stylesheet\" href=\"https:\/\/bagpresser.buddingsol.com\/wp-content\/plugins\/elementor\/assets\/css\/widget-icon-list.min.css\">\t\t<ul class=\"elementor-icon-list-items elementor-inline-items\">\n\t\t\t\t\t\t\t<li class=\"elementor-icon-list-item elementor-inline-item\">\n\t\t\t\t\t\t\t\t\t\t\t<a href=\"#\">\n\n\t\t\t\t\t\t\t\t\t\t\t<span class=\"elementor-icon-list-text\">Heim<\/span>\n\t\t\t\t\t\t\t\t\t\t\t<\/a>\n\t\t\t\t\t\t\t\t\t<\/li>\n\t\t\t\t\t\t\t\t<li class=\"elementor-icon-list-item elementor-inline-item\">\n\t\t\t\t\t\t\t\t\t\t<span class=\"elementor-icon-list-text\">\/ R\u00fcckgaberecht<\/span>\n\t\t\t\t\t\t\t\t\t<\/li>\n\t\t\t\t\t\t<\/ul>\n\t\t\t\t<\/div>\n\t\t\t\t<\/div>\n\t\t\t\t\t<\/div>\n\t\t<\/div>\n\t\t\t\t\t<\/div>\n\t\t<\/section>\n\t\t\t\t<section class=\"elementor-section elementor-top-section elementor-element elementor-element-677dd1e elementor-section-boxed elementor-section-height-default elementor-section-height-default\" data-id=\"677dd1e\" data-element_type=\"section\">\n\t\t\t\t\t\t<div class=\"elementor-container elementor-column-gap-default\">\n\t\t\t\t\t<div class=\"elementor-column elementor-col-100 elementor-top-column elementor-element elementor-element-32f6d41\" data-id=\"32f6d41\" data-element_type=\"column\">\n\t\t\t<div class=\"elementor-widget-wrap elementor-element-populated\">\n\t\t\t\t\t\t<div class=\"elementor-element elementor-element-f439034 elementor-widget elementor-widget-text-editor\" data-id=\"f439034\" data-element_type=\"widget\" data-widget_type=\"text-editor.default\">\n\t\t\t\t<div class=\"elementor-widget-container\">\n\t\t\t<style>\/*! elementor - v3.21.0 - 26-05-2024 *\/\n.elementor-widget-text-editor.elementor-drop-cap-view-stacked .elementor-drop-cap{background-color:#69727d;color:#fff}.elementor-widget-text-editor.elementor-drop-cap-view-framed .elementor-drop-cap{color:#69727d;border:3px solid;background-color:transparent}.elementor-widget-text-editor:not(.elementor-drop-cap-view-default) .elementor-drop-cap{margin-top:8px}.elementor-widget-text-editor:not(.elementor-drop-cap-view-default) .elementor-drop-cap-letter{width:1em;height:1em}.elementor-widget-text-editor .elementor-drop-cap{float:left;text-align:center;line-height:1;font-size:50px}.elementor-widget-text-editor .elementor-drop-cap-letter{display:inline-block}<\/style>\t\t\t\t<p>Bei BagPresser sind wir bestrebt, sicherzustellen, dass jeder Kunde mit seinem Kauf zufrieden ist. Wir verstehen jedoch, dass Sie manchmal ein Produkt zur\u00fcckgeben m\u00fcssen. Diese R\u00fcckgaberichtlinie beschreibt unsere Richtlinien f\u00fcr R\u00fccksendungen, um den Prozess so reibungslos und unkompliziert wie m\u00f6glich zu gestalten.<\/p>\n<h5><strong>1. R\u00fcckgaberecht<\/strong><\/h5>\n<p>Wir akzeptieren R\u00fccksendungen innerhalb von 14 Tagen nach dem Kaufdatum. Um Anspruch auf eine R\u00fcckgabe zu haben, muss Ihr Artikel unbenutzt, in demselben Zustand sein, in dem Sie ihn erhalten haben, und in der Originalverpackung. Artikel, die besch\u00e4digt, gebraucht oder nicht in der Originalverpackung sind, k\u00f6nnen m\u00f6glicherweise nicht zur\u00fcckgegeben werden.<\/p>\n<h5><strong>2. Initiieren Sie eine R\u00fccksendung<\/strong><\/h5>\n<p>Um eine R\u00fccksendung zu veranlassen, wenden Sie sich bitte an unser Kundendienstteam unter <a href=\"mailto:mylarbagsonline@gmail.com\">mylarbagsonline@gmail.com<\/a> oder <a href=\"tel:+491722445891\">+491 722-445-891<\/a>. Bitte geben Sie Ihre Bestellnummer und eine kurze Begr\u00fcndung f\u00fcr die R\u00fccksendung an. Unser Team f\u00fchrt Sie durch den R\u00fcckgabeprozess und stellt Ihnen eine R\u00fccksendegenehmigungsnummer (RA-Nummer) zur Verf\u00fcgung, wenn Ihre R\u00fccksendung berechtigt ist.<\/p>\n<h5><strong>3. R\u00fcckversand<\/strong><\/h5>\n<p>Der Kunde ist f\u00fcr die R\u00fccksendekosten verantwortlich, es sei denn, die R\u00fccksendung ist auf einen Fehler unsererseits zur\u00fcckzuf\u00fchren, beispielsweise auf den Erhalt eines falschen Artikels oder eines defekten Produkts. Wir empfehlen, f\u00fcr Ihre R\u00fccksendung einen verfolgbaren Versanddienst zu nutzen und eine Versandversicherung abzuschlie\u00dfen, da wir nicht garantieren k\u00f6nnen, dass wir Ihren zur\u00fcckgegebenen Artikel erhalten.<\/p>\n<h5><strong>4. R\u00fcckerstattungen<\/strong><\/h5>\n<p>Sobald wir Ihre R\u00fccksendung erhalten und gepr\u00fcft haben, werden wir Sie \u00fcber die Genehmigung oder Ablehnung Ihrer R\u00fcckerstattung informieren. Wenn Ihre R\u00fcckerstattung genehmigt wird, wird sie automatisch \u00fcber Ihre urspr\u00fcngliche Zahlungsmethode verarbeitet. Bitte beachten Sie, dass es einige Zeit dauern kann, bis Ihre Bank oder Ihr Kreditkartenunternehmen die R\u00fcckerstattung bearbeitet und verbucht.<\/p>\n<h5><strong>5. Austausch<\/strong><\/h5>\n<p>Wenn Sie einen Artikel gegen eine andere Gr\u00f6\u00dfe, Farbe oder einen anderen Stil umtauschen m\u00f6chten, wenden Sie sich bitte an unseren Kundenservice, um einen Umtausch zu veranlassen. Der Umtausch unterliegt der Verf\u00fcgbarkeit und es k\u00f6nnen zus\u00e4tzliche Geb\u00fchren anfallen, wenn der neue Artikel einen h\u00f6heren Preis hat.<\/p>\n<h5><strong>6. Vom Umtausch ausgeschlossene Artikel\/Sonderanfertigungen<\/strong><\/h5>\n<p>Ma\u00dfgeschneiderte Artikel mit Ihrem Logo oder Kunstwerk k\u00f6nnen nicht zur\u00fcckgegeben, umgetauscht oder erstattet werden, es sei denn, sie sind bei Erhalt defekt oder besch\u00e4digt.<\/p>\n<h5><strong>7. Besch\u00e4digte oder defekte Artikel<\/strong><\/h5>\n<p>Wenn Sie einen besch\u00e4digten oder defekten Artikel erhalten, wenden Sie sich bitte umgehend an unseren Kundenservice, um einen Ersatz oder eine R\u00fcckerstattung zu veranlassen. Zur Bearbeitung Ihres Anspruchs k\u00f6nnen wir Fotos oder zus\u00e4tzliche Informationen anfordern.<\/p>\n<h5><strong>8. Kontaktieren Sie uns<\/strong><\/h5>\n<p>Wenn Sie Fragen zu unseren R\u00fcckgabebedingungen haben oder Hilfe bei einer R\u00fccksendung ben\u00f6tigen, z\u00f6gern Sie bitte nicht, unser Kundenservice-Team unter <a href=\"mailto:mylarbagsonline@gmail.com\">mylarbagsonline@gmail.com<\/a> oder <a href=\"tel:+491722445891\">+491 722-445-891<\/a> zu kontaktieren. Wir sind hier, um Ihnen zu helfen und sicherzustellen, dass Sie ein positives Einkaufserlebnis mit BagPresser haben.<\/p>\n\t\t\t\t\t\t<\/div>\n\t\t\t\t<\/div>\n\t\t\t\t\t<\/div>\n\t\t<\/div>\n\t\t\t\t\t<\/div>\n\t\t<\/section>\n\t\t\t\t<\/div>\n\t\t","protected":false},"excerpt":{"rendered":"<p>R\u00fcckgaberecht Heim \/ R\u00fcckgaberecht Bei BagPresser sind wir bestrebt, sicherzustellen, dass jeder Kunde mit seinem Kauf zufrieden ist. Wir verstehen jedoch, dass Sie manchmal ein Produkt zur\u00fcckgeben m\u00fcssen. Diese R\u00fcckgaberichtlinie beschreibt unsere Richtlinien f\u00fcr R\u00fccksendungen, um den Prozess so reibungslos und unkompliziert wie m\u00f6glich zu gestalten. 1. R\u00fcckgaberecht Wir akzeptieren R\u00fccksendungen innerhalb von 14 Tagen [&hellip;]<\/p>\n","protected":false},"author":2,"featured_media":0,"parent":0,"menu_order":0,"comment_status":"closed","ping_status":"closed","template":"","meta":{"footnotes":""},"class_list":["post-3904","page","type-page","status-publish","hentry"],"jetpack_sharing_enabled":true,"_links":{"self":[{"href":"https:\/\/bagpresser.buddingsol.com\/de\/wp-json\/wp\/v2\/pages\/3904","targetHints":{"allow":["GET"]}}],"collection":[{"href":"https:\/\/bagpresser.buddingsol.com\/de\/wp-json\/wp\/v2\/pages"}],"about":[{"href":"https:\/\/bagpresser.buddingsol.com\/de\/wp-json\/wp\/v2\/types\/page"}],"author":[{"embeddable":true,"href":"https:\/\/bagpresser.buddingsol.com\/de\/wp-json\/wp\/v2\/users\/2"}],"replies":[{"embeddable":true,"href":"https:\/\/bagpresser.buddingsol.com\/de\/wp-json\/wp\/v2\/comments?post=3904"}],"version-history":[{"count":1,"href":"https:\/\/bagpresser.buddingsol.com\/de\/wp-json\/wp\/v2\/pages\/3904\/revisions"}],"predecessor-version":[{"id":3905,"href":"https:\/\/bagpresser.buddingsol.com\/de\/wp-json\/wp\/v2\/pages\/3904\/revisions\/3905"}],"wp:attachment":[{"href":"https:\/\/bagpresser.buddingsol.com\/de\/wp-json\/wp\/v2\/media?parent=3904"}],"curies":[{"name":"wp","href":"https:\/\/api.w.org\/{rel}","templated":true}]}}