{"id":3902,"date":"2024-05-30T05:21:34","date_gmt":"2024-05-30T05:21:34","guid":{"rendered":"https:\/\/bagpresser.buddingsol.com\/datenschutzrichtlinie\/"},"modified":"2024-07-28T09:00:20","modified_gmt":"2024-07-28T09:00:20","slug":"datenschutzrichtlinie","status":"publish","type":"page","link":"https:\/\/bagpresser.buddingsol.com\/de\/datenschutzrichtlinie\/","title":{"rendered":"Datenschutzrichtlinie"},"content":{"rendered":"\t\t<div data-elementor-type=\"wp-page\" data-elementor-id=\"3902\" class=\"elementor elementor-3902 elementor-340\" data-elementor-post-type=\"page\">\n\t\t\t\t\t\t<section class=\"elementor-section elementor-top-section elementor-element elementor-element-7806dec elementor-section-boxed elementor-section-height-default elementor-section-height-default\" data-id=\"7806dec\" data-element_type=\"section\" data-settings=\"{&quot;background_background&quot;:&quot;classic&quot;}\">\n\t\t\t\t\t\t\t<div class=\"elementor-background-overlay\"><\/div>\n\t\t\t\t\t\t\t<div class=\"elementor-container elementor-column-gap-default\">\n\t\t\t\t\t<div class=\"elementor-column elementor-col-100 elementor-top-column elementor-element elementor-element-0f43efd\" data-id=\"0f43efd\" data-element_type=\"column\">\n\t\t\t<div class=\"elementor-widget-wrap elementor-element-populated\">\n\t\t\t\t\t\t<div class=\"elementor-element elementor-element-d7d10d4 elementor-widget elementor-widget-heading\" data-id=\"d7d10d4\" data-element_type=\"widget\" data-settings=\"{&quot;_animation&quot;:&quot;none&quot;}\" data-widget_type=\"heading.default\">\n\t\t\t\t<div class=\"elementor-widget-container\">\n\t\t\t<style>\/*! elementor - v3.21.0 - 26-05-2024 *\/\n.elementor-heading-title{padding:0;margin:0;line-height:1}.elementor-widget-heading .elementor-heading-title[class*=elementor-size-]>a{color:inherit;font-size:inherit;line-height:inherit}.elementor-widget-heading .elementor-heading-title.elementor-size-small{font-size:15px}.elementor-widget-heading .elementor-heading-title.elementor-size-medium{font-size:19px}.elementor-widget-heading .elementor-heading-title.elementor-size-large{font-size:29px}.elementor-widget-heading .elementor-heading-title.elementor-size-xl{font-size:39px}.elementor-widget-heading .elementor-heading-title.elementor-size-xxl{font-size:59px}<\/style><h2 class=\"elementor-heading-title elementor-size-default\">Datenschutzrichtlinie<\/h2>\t\t<\/div>\n\t\t\t\t<\/div>\n\t\t\t\t<div class=\"elementor-element elementor-element-73618d5 elementor-icon-list--layout-inline elementor-align-center elementor-list-item-link-full_width elementor-widget elementor-widget-icon-list\" data-id=\"73618d5\" data-element_type=\"widget\" data-widget_type=\"icon-list.default\">\n\t\t\t\t<div class=\"elementor-widget-container\">\n\t\t\t<link rel=\"stylesheet\" href=\"https:\/\/bagpresser.buddingsol.com\/wp-content\/plugins\/elementor\/assets\/css\/widget-icon-list.min.css\">\t\t<ul class=\"elementor-icon-list-items elementor-inline-items\">\n\t\t\t\t\t\t\t<li class=\"elementor-icon-list-item elementor-inline-item\">\n\t\t\t\t\t\t\t\t\t\t\t<a href=\"#\">\n\n\t\t\t\t\t\t\t\t\t\t\t<span class=\"elementor-icon-list-text\">Heim<\/span>\n\t\t\t\t\t\t\t\t\t\t\t<\/a>\n\t\t\t\t\t\t\t\t\t<\/li>\n\t\t\t\t\t\t\t\t<li class=\"elementor-icon-list-item elementor-inline-item\">\n\t\t\t\t\t\t\t\t\t\t<span class=\"elementor-icon-list-text\">\/ Datenschutzrichtlinie<\/span>\n\t\t\t\t\t\t\t\t\t<\/li>\n\t\t\t\t\t\t<\/ul>\n\t\t\t\t<\/div>\n\t\t\t\t<\/div>\n\t\t\t\t\t<\/div>\n\t\t<\/div>\n\t\t\t\t\t<\/div>\n\t\t<\/section>\n\t\t\t\t<section class=\"elementor-section elementor-top-section elementor-element elementor-element-89f3259 elementor-section-boxed elementor-section-height-default elementor-section-height-default\" data-id=\"89f3259\" data-element_type=\"section\">\n\t\t\t\t\t\t<div class=\"elementor-container elementor-column-gap-default\">\n\t\t\t\t\t<div class=\"elementor-column elementor-col-100 elementor-top-column elementor-element elementor-element-86fc627\" data-id=\"86fc627\" data-element_type=\"column\">\n\t\t\t<div class=\"elementor-widget-wrap elementor-element-populated\">\n\t\t\t\t\t\t<div class=\"elementor-element elementor-element-8dfbcd0 elementor-widget elementor-widget-text-editor\" data-id=\"8dfbcd0\" data-element_type=\"widget\" data-widget_type=\"text-editor.default\">\n\t\t\t\t<div class=\"elementor-widget-container\">\n\t\t\t<style>\/*! elementor - v3.21.0 - 26-05-2024 *\/\n.elementor-widget-text-editor.elementor-drop-cap-view-stacked .elementor-drop-cap{background-color:#69727d;color:#fff}.elementor-widget-text-editor.elementor-drop-cap-view-framed .elementor-drop-cap{color:#69727d;border:3px solid;background-color:transparent}.elementor-widget-text-editor:not(.elementor-drop-cap-view-default) .elementor-drop-cap{margin-top:8px}.elementor-widget-text-editor:not(.elementor-drop-cap-view-default) .elementor-drop-cap-letter{width:1em;height:1em}.elementor-widget-text-editor .elementor-drop-cap{float:left;text-align:center;line-height:1;font-size:50px}.elementor-widget-text-editor .elementor-drop-cap-letter{display:inline-block}<\/style>\t\t\t\t<h4>Datenschutzrichtlinie von BagPresser<\/h4>\n<p>BagPresser betreibt die Website bagpresser.com, die den SERVICE bereitstellt.<\/p>\n<p>Diese Seite wird verwendet, um Website-Besucher \u00fcber unsere Richtlinien zur Erfassung, Nutzung und Offenlegung personenbezogener Daten zu informieren, falls sich jemand f\u00fcr die Nutzung unseres Dienstes, der BagPresser-Website, entscheidet.<\/p>\n<p>Wenn Sie sich f\u00fcr die Nutzung unseres Dienstes entscheiden, stimmen Sie der Erfassung und Nutzung von Informationen im Zusammenhang mit dieser Richtlinie zu. Die von uns erfassten personenbezogenen Daten werden zur Bereitstellung und Verbesserung des Dienstes verwendet. Wir werden Ihre Daten nicht verwenden oder an Dritte weitergeben, au\u00dfer wie in dieser Datenschutzrichtlinie beschrieben.  <\/p>\n<p>Die in dieser Datenschutzrichtlinie verwendeten Begriffe haben die gleiche Bedeutung wie in unseren Allgemeinen Gesch\u00e4ftsbedingungen, die unter bagpresser.com verf\u00fcgbar sind, sofern in dieser Datenschutzrichtlinie nichts anderes definiert ist.<\/p>\n<h5>Sammlung und Nutzung von Informationen<\/h5>\n<p>F\u00fcr ein besseres Erlebnis bei der Nutzung unseres Dienstes kann es sein, dass wir Sie auffordern, uns bestimmte personenbezogene Daten zur Verf\u00fcgung zu stellen, darunter unter anderem Ihren Namen, Ihre Telefonnummer und Ihre Postanschrift. Die von uns erfassten Informationen werden dazu verwendet, Sie zu kontaktieren oder zu identifizieren. <\/p>\n<h5>Logdaten<\/h5>\n<p>Wir m\u00f6chten Sie dar\u00fcber informieren, dass wir bei jedem Besuch unseres Dienstes Informationen sammeln, die Ihr Browser an uns sendet, sogenannte Protokolldaten. Diese Protokolldaten k\u00f6nnen Informationen wie die Internetprotokolladresse (\u201eIP\u201c) Ihres Computers, die Browserversion, die von Ihnen besuchten Seiten unseres Dienstes, die Uhrzeit und das Datum Ihres Besuchs, die auf diesen Seiten verbrachte Zeit und andere Statistiken enthalten. <\/p>\n<h5>Kekse<\/h5>\n<p>Cookies sind Dateien mit kleinen Datenmengen, die \u00fcblicherweise als anonyme eindeutige Kennung verwendet werden. Diese werden von der von Ihnen besuchten Website an Ihren Browser gesendet und auf der Festplatte Ihres Computers gespeichert. <\/p>\n<p>Unsere Website verwendet diese \u201eCookies\u201c, um Informationen zu sammeln und unseren Service zu verbessern. Sie haben die M\u00f6glichkeit, diese Cookies entweder zu akzeptieren oder abzulehnen, und wissen, wann ein Cookie an Ihren Computer gesendet wird. Wenn Sie unsere Cookies ablehnen, k\u00f6nnen Sie m\u00f6glicherweise einige Teile unseres Dienstes nicht nutzen.  <\/p>\n<h5>Dienstleister<\/h5>\n<p>Aus folgenden Gr\u00fcnden k\u00f6nnen wir Drittunternehmen und Einzelpersonen besch\u00e4ftigen:<\/p>\n<ul>\n<li>Um unseren Service zu erleichtern;<\/li>\n<li>Um den Service in unserem Namen bereitzustellen;<\/li>\n<li>Um servicebezogene Dienstleistungen zu erbringen; oder<\/li>\n<li>Um uns bei der Analyse der Nutzung unseres Dienstes zu unterst\u00fctzen.<\/li>\n<\/ul>\n<p>Wir m\u00f6chten unsere Servicenutzer dar\u00fcber informieren, dass diese Dritten Zugriff auf Ihre pers\u00f6nlichen Daten haben. Der Zweck besteht darin, die ihnen \u00fcbertragenen Aufgaben in unserem Namen auszuf\u00fchren. Sie sind jedoch verpflichtet, die Informationen nicht weiterzugeben oder f\u00fcr andere Zwecke zu verwenden.  <\/p>\n<h5>Sicherheit<\/h5>\n<p>Wir sch\u00e4tzen Ihr Vertrauen in die Bereitstellung Ihrer personenbezogenen Daten und sind daher bestrebt, kommerziell akzeptable Mittel zum Schutz dieser Daten einzusetzen. Bedenken Sie jedoch, dass keine Methode der \u00dcbertragung \u00fcber das Internet oder Methode der elektronischen Speicherung zu 100 % sicher und zuverl\u00e4ssig ist und wir deren absolute Sicherheit nicht garantieren k\u00f6nnen. <\/p>\n<h5>Links zu anderen Websites<\/h5>\n<p>Unser Service kann Links zu anderen Websites enthalten. Wenn Sie auf einen Link eines Drittanbieters klicken, werden Sie zu dieser Website weitergeleitet. Bitte beachten Sie, dass diese externen Seiten nicht von uns betrieben werden. Wir empfehlen Ihnen daher dringend, die Datenschutzrichtlinien dieser Websites zu lesen. Wir haben keine Kontrolle \u00fcber die Inhalte, Datenschutzrichtlinien oder Praktiken von Websites oder Diensten Dritter und \u00fcbernehmen keine Verantwortung daf\u00fcr.    <\/p>\n<p>Privatsph\u00e4re von Kindern<\/p>\n<p>Unsere Dienste richten sich nicht an Personen unter 13 Jahren. Wir erfassen wissentlich keine personenbezogenen Daten von Kindern unter 13 Jahren. Sollten wir feststellen, dass ein Kind unter 13 Jahren uns personenbezogene Daten zur Verf\u00fcgung gestellt hat, l\u00f6schen wir diese unverz\u00fcglich von unseren Servern. Wenn Sie ein Elternteil oder Erziehungsberechtigter sind und wissen, dass Ihr Kind uns personenbezogene Daten zur Verf\u00fcgung gestellt hat, kontaktieren Sie uns bitte, damit wir die erforderlichen Ma\u00dfnahmen ergreifen k\u00f6nnen.   <\/p>\n<h5>\u00c4nderungen dieser Datenschutzrichtlinie<\/h5>\n<p>Wir k\u00f6nnen unsere Datenschutzrichtlinie von Zeit zu Zeit aktualisieren. Wir empfehlen Ihnen daher, diese Seite regelm\u00e4\u00dfig auf etwaige \u00c4nderungen zu \u00fcberpr\u00fcfen.  Wir werden Sie \u00fcber alle \u00c4nderungen informieren, indem wir die neue Datenschutzrichtlinie auf dieser Seite ver\u00f6ffentlichen. Diese \u00c4nderungen treten sofort nach der Ver\u00f6ffentlichung auf dieser Seite in Kraft.<\/p>\n<p>Unsere Datenschutzrichtlinie wurde mit Hilfe der <a href=\"https:\/\/www.privacypolicytemplate.net\">Datenschutzrichtlinie-Vorlage erstellt<\/a>.<\/p>\n<h5>Kontaktiere uns<\/h5>\n<p>Wenn Sie Fragen oder Anregungen zu unserer Datenschutzrichtlinie haben, z\u00f6gern Sie nicht, uns zu kontaktieren.<\/p>\n\t\t\t\t\t\t<\/div>\n\t\t\t\t<\/div>\n\t\t\t\t\t<\/div>\n\t\t<\/div>\n\t\t\t\t\t<\/div>\n\t\t<\/section>\n\t\t\t\t<\/div>\n\t\t","protected":false},"excerpt":{"rendered":"<p>Datenschutzrichtlinie Heim \/ Datenschutzrichtlinie Datenschutzrichtlinie von BagPresser BagPresser betreibt die Website bagpresser.com, die den SERVICE bereitstellt. Diese Seite wird verwendet, um Website-Besucher \u00fcber unsere Richtlinien zur Erfassung, Nutzung und Offenlegung personenbezogener Daten zu informieren, falls sich jemand f\u00fcr die Nutzung unseres Dienstes, der BagPresser-Website, entscheidet. Wenn Sie sich f\u00fcr die Nutzung unseres Dienstes entscheiden, stimmen [&hellip;]<\/p>\n","protected":false},"author":2,"featured_media":0,"parent":0,"menu_order":0,"comment_status":"closed","ping_status":"closed","template":"","meta":{"footnotes":""},"class_list":["post-3902","page","type-page","status-publish","hentry"],"jetpack_sharing_enabled":true,"_links":{"self":[{"href":"https:\/\/bagpresser.buddingsol.com\/de\/wp-json\/wp\/v2\/pages\/3902","targetHints":{"allow":["GET"]}}],"collection":[{"href":"https:\/\/bagpresser.buddingsol.com\/de\/wp-json\/wp\/v2\/pages"}],"about":[{"href":"https:\/\/bagpresser.buddingsol.com\/de\/wp-json\/wp\/v2\/types\/page"}],"author":[{"embeddable":true,"href":"https:\/\/bagpresser.buddingsol.com\/de\/wp-json\/wp\/v2\/users\/2"}],"replies":[{"embeddable":true,"href":"https:\/\/bagpresser.buddingsol.com\/de\/wp-json\/wp\/v2\/comments?post=3902"}],"version-history":[{"count":1,"href":"https:\/\/bagpresser.buddingsol.com\/de\/wp-json\/wp\/v2\/pages\/3902\/revisions"}],"predecessor-version":[{"id":3903,"href":"https:\/\/bagpresser.buddingsol.com\/de\/wp-json\/wp\/v2\/pages\/3902\/revisions\/3903"}],"wp:attachment":[{"href":"https:\/\/bagpresser.buddingsol.com\/de\/wp-json\/wp\/v2\/media?parent=3902"}],"curies":[{"name":"wp","href":"https:\/\/api.w.org\/{rel}","templated":true}]}}